{"id":20,"date":"2020-10-02T18:10:13","date_gmt":"2020-10-02T16:10:13","guid":{"rendered":"http:\/\/nowa.budkrusz.pl\/?page_id=20"},"modified":"2020-11-03T19:50:58","modified_gmt":"2020-11-03T18:50:58","slug":"kontakt","status":"publish","type":"page","link":"https:\/\/budkrusz.pl\/index.php\/kontakt\/","title":{"rendered":"Kontakt"},"content":{"rendered":"<div id=\"imCellStyle_3\" data-responsive-sequence-number=\"3\">\n<div id=\"imTextObject_4_03\">\n<div id=\"imTextObject_4_03_tab0\" class=\"text-tab-content\">\n<div class=\"text-inner\">\n<div>ngg_shortcode_0_placeholder<\/div>\n<div><b><span class=\"fs14 ff1\">BUDKRUSZ SP\u00d3\u0141KA Z OGRANICZON\u0104 ODPOWIEDZIALNO\u015aCI\u0104<\/span><\/b><\/div>\n<div>&nbsp;<\/div>\n<div><b><span class=\"fs12 ff1\">ul. Narutowicza 16<\/span><\/b><\/div>\n<div><b><span class=\"fs12 ff1\">87-700 Aleksandr\u00f3w Kujawski<\/span><\/b><\/div>\n<div><span class=\"fs10 ff1\">KRS: <\/span><b><span class=\"fs12 ff1\">S\u0105d Rejonowy w Toruniu VII Wydzia\u0142 Gospodarczy <\/span><\/b><b><span class=\"fs12 ff1\">nr KRS 0000075132<\/span><\/b><\/div>\n<div>&nbsp;<\/div>\n<div><span class=\"fs10 ff1\">NIP:<\/span><b><span class=\"fs12 ff1\">PL 8911496671<\/span><\/b><\/div>\n<div>&nbsp;<\/div>\n<div><span class=\"fs10 ff1\">Kapita\u0142 zak\u0142adowy:<\/span><b><span class=\"fs12 ff1\">137 500,00z\u0142<\/span><\/b><\/div>\n<div>&nbsp;<\/div>\n<div><span class=\"fs10 ff1\">Telefon: <\/span><b><span class=\"fs12 ff1\">54 282 4599<\/span><\/b><\/div>\n<\/div>\n<div>&nbsp;<\/div>\n<div>e-mail: biuro@budkrusz.pl<\/div>\n<\/div>\n<\/div>\n<\/div>\n<div>&nbsp;<\/div>\n<div>&nbsp;<\/div>\n<p><iframe style=\"border: 0;\" tabindex=\"0\" src=\"https:\/\/www.google.com\/maps\/embed?pb=!1m18!1m12!1m3!1d2407.659511795789!2d18.6857023154277!3d52.88254697988448!2m3!1f0!2f0!3f0!3m2!1i1024!2i768!4f13.1!3m3!1m2!1s0x471cb41eb4c5dda1%3A0x7acd95dee7779900!2sBudkrusz%20Sp.%20z%20o.o.!5e0!3m2!1spl!2spl!4v1602528127087!5m2!1spl!2spl\" allowfullscreen=\"allowfullscreen\" aria-hidden=\"false\" width=\"100%\" height=\"450\" frameborder=\"0\"><\/iframe><\/p>\n","protected":false},"excerpt":{"rendered":"<p>BUDKRUSZ SP\u00d3\u0141KA Z OGRANICZON\u0104 ODPOWIEDZIALNO\u015aCI\u0104 &nbsp; ul. Narutowicza 16 87-700 Aleksandr\u00f3w Kujawski KRS: S\u0105d Rejonowy w Toruniu VII Wydzia\u0142 Gospodarczy nr KRS 0000075132 &nbsp; NIP:PL 8911496671 &nbsp; Kapita\u0142 zak\u0142adowy:137 500,00z\u0142 &nbsp; Telefon: 54 282 4599 &nbsp; e-mail: biuro@budkrusz.pl &nbsp; &nbsp;<\/p>\n","protected":false},"author":1,"featured_media":0,"parent":0,"menu_order":0,"comment_status":"closed","ping_status":"closed","template":"","meta":{"neve_meta_sidebar":"full-width","neve_meta_container":"","neve_meta_enable_content_width":"on","neve_meta_content_width":100,"neve_meta_title_alignment":"","neve_meta_author_avatar":"","neve_post_elements_order":"","neve_meta_disable_header":"","neve_meta_disable_footer":"","neve_meta_disable_title":"","ngg_post_thumbnail":0,"footnotes":""},"class_list":["post-20","page","type-page","status-publish","hentry"],"_links":{"self":[{"href":"https:\/\/budkrusz.pl\/index.php\/wp-json\/wp\/v2\/pages\/20","targetHints":{"allow":["GET"]}}],"collection":[{"href":"https:\/\/budkrusz.pl\/index.php\/wp-json\/wp\/v2\/pages"}],"about":[{"href":"https:\/\/budkrusz.pl\/index.php\/wp-json\/wp\/v2\/types\/page"}],"author":[{"embeddable":true,"href":"https:\/\/budkrusz.pl\/index.php\/wp-json\/wp\/v2\/users\/1"}],"replies":[{"embeddable":true,"href":"https:\/\/budkrusz.pl\/index.php\/wp-json\/wp\/v2\/comments?post=20"}],"version-history":[{"count":8,"href":"https:\/\/budkrusz.pl\/index.php\/wp-json\/wp\/v2\/pages\/20\/revisions"}],"predecessor-version":[{"id":333,"href":"https:\/\/budkrusz.pl\/index.php\/wp-json\/wp\/v2\/pages\/20\/revisions\/333"}],"wp:attachment":[{"href":"https:\/\/budkrusz.pl\/index.php\/wp-json\/wp\/v2\/media?parent=20"}],"curies":[{"name":"wp","href":"https:\/\/api.w.org\/{rel}","templated":true}]}}