{"id":38,"date":"2020-10-02T19:19:10","date_gmt":"2020-10-02T17:19:10","guid":{"rendered":"http:\/\/nowa.budkrusz.pl\/?page_id=38"},"modified":"2024-01-15T14:02:13","modified_gmt":"2024-01-15T13:02:13","slug":"strona-glowna","status":"publish","type":"page","link":"https:\/\/budkrusz.pl\/","title":{"rendered":"Strona g\u0142\u00f3wna"},"content":{"rendered":"\t\t<div data-elementor-type=\"wp-page\" data-elementor-id=\"38\" class=\"elementor elementor-38\">\n\t\t\t\t\t\t<section class=\"elementor-section elementor-top-section elementor-element elementor-element-4f6571c elementor-section-boxed elementor-section-height-default elementor-section-height-default\" data-id=\"4f6571c\" data-element_type=\"section\" data-e-type=\"section\">\n\t\t\t\t\t\t<div class=\"elementor-container elementor-column-gap-default\">\n\t\t\t\t\t<div class=\"elementor-column elementor-col-100 elementor-top-column elementor-element elementor-element-65eb1ea\" data-id=\"65eb1ea\" data-element_type=\"column\" data-e-type=\"column\">\n\t\t\t<div class=\"elementor-widget-wrap elementor-element-populated\">\n\t\t\t\t\t\t\t<\/div>\n\t\t<\/div>\n\t\t\t\t\t<\/div>\n\t\t<\/section>\n\t\t\t\t<section class=\"elementor-section elementor-top-section elementor-element elementor-element-749fdbdb elementor-section-boxed elementor-section-height-default elementor-section-height-default\" data-id=\"749fdbdb\" data-element_type=\"section\" data-e-type=\"section\">\n\t\t\t\t\t\t<div class=\"elementor-container elementor-column-gap-default\">\n\t\t\t\t\t<div class=\"elementor-column elementor-col-100 elementor-top-column elementor-element elementor-element-7a38a636\" data-id=\"7a38a636\" data-element_type=\"column\" data-e-type=\"column\">\n\t\t\t<div class=\"elementor-widget-wrap elementor-element-populated\">\n\t\t\t\t\t\t<div class=\"elementor-element elementor-element-650199e3 elementor-widget elementor-widget-text-editor\" data-id=\"650199e3\" data-element_type=\"widget\" data-e-type=\"widget\" data-widget_type=\"text-editor.default\">\n\t\t\t\t<div class=\"elementor-widget-container\">\n\t\t\t\t\t\t\t\t\t<p>Podstawowym celem dzia\u0142ania naszej firmy jest jak najpe\u0142niejsze zaspokajanie potrzeb naszych odbiorc\u00f3w. Produkujemy maszyny i urz\u0105dzenia oraz konstrukcje ze stali, s\u0142u\u017c\u0105ce g\u0142\u00f3wnie odbiorcom kt\u00f3rych dzia\u0142alno\u015b\u0107 jest zwi\u0105zana z przemys\u0142em kruszyw i surowc\u00f3w mineralnych. Wiele naszych produkt\u00f3w i us\u0142ug ma zastosowanie tak\u017ce w innych ga\u0142\u0119ziach przemys\u0142u. Dysponujemy wykwalifikowan\u0105 kadr\u0105 pracownicz\u0105, co w po\u0142\u0105czeniu z prawie 30-letnim do\u015bwiadczeniem w produkcji maszyn i urz\u0105dze\u0144 umo\u017cliwia spe\u0142nienie r\u00f3\u017cnorodnych wymaga\u0144 naszych odbiorc\u00f3w, a tak\u017ce podj\u0119cie nowych wymaga\u0144 produkcyjnych.<br \/>Wprowadzamy nowe rozwi\u0105zania konstrukcyjne gwarantuj\u0105ce uzyskanie pe\u0142nej satysfakcji przez uzytkownik\u00f3w naszych wyrob\u00f3w. Wszystkie nasze wyroby wykonujemy w oparciu o obowi\u0105zuj\u0105ce przepisy i normy po konkurencyjnych cenach. Na wykonane wyroby udzielamy gwarancji.<\/p>\t\t\t\t\t\t\t\t<\/div>\n\t\t\t\t<\/div>\n\t\t\t\t\t<\/div>\n\t\t<\/div>\n\t\t\t\t\t<\/div>\n\t\t<\/section>\n\t\t\t\t<\/div>\n\t\t","protected":false},"excerpt":{"rendered":"<p>Podstawowym celem dzia\u0142ania naszej firmy jest jak najpe\u0142niejsze zaspokajanie potrzeb naszych odbiorc\u00f3w. Produkujemy maszyny i urz\u0105dzenia oraz konstrukcje ze stali, s\u0142u\u017c\u0105ce g\u0142\u00f3wnie odbiorcom kt\u00f3rych dzia\u0142alno\u015b\u0107 jest zwi\u0105zana z przemys\u0142em kruszyw i surowc\u00f3w mineralnych. Wiele naszych produkt\u00f3w i us\u0142ug ma zastosowanie tak\u017ce w innych ga\u0142\u0119ziach przemys\u0142u. Dysponujemy wykwalifikowan\u0105 kadr\u0105 pracownicz\u0105, co w po\u0142\u0105czeniu z prawie 30-letnim&hellip;&nbsp;<a href=\"https:\/\/budkrusz.pl\/\" rel=\"bookmark\">Dowiedz si\u0119 wi\u0119cej &raquo;<span class=\"screen-reader-text\">Strona g\u0142\u00f3wna<\/span><\/a><\/p>\n","protected":false},"author":1,"featured_media":0,"parent":0,"menu_order":0,"comment_status":"closed","ping_status":"closed","template":"","meta":{"neve_meta_sidebar":"full-width","neve_meta_container":"","neve_meta_enable_content_width":"on","neve_meta_content_width":100,"neve_meta_title_alignment":"","neve_meta_author_avatar":"","neve_post_elements_order":"","neve_meta_disable_header":"","neve_meta_disable_footer":"","neve_meta_disable_title":"on","ngg_post_thumbnail":0,"footnotes":""},"class_list":["post-38","page","type-page","status-publish","hentry"],"_links":{"self":[{"href":"https:\/\/budkrusz.pl\/index.php\/wp-json\/wp\/v2\/pages\/38","targetHints":{"allow":["GET"]}}],"collection":[{"href":"https:\/\/budkrusz.pl\/index.php\/wp-json\/wp\/v2\/pages"}],"about":[{"href":"https:\/\/budkrusz.pl\/index.php\/wp-json\/wp\/v2\/types\/page"}],"author":[{"embeddable":true,"href":"https:\/\/budkrusz.pl\/index.php\/wp-json\/wp\/v2\/users\/1"}],"replies":[{"embeddable":true,"href":"https:\/\/budkrusz.pl\/index.php\/wp-json\/wp\/v2\/comments?post=38"}],"version-history":[{"count":8,"href":"https:\/\/budkrusz.pl\/index.php\/wp-json\/wp\/v2\/pages\/38\/revisions"}],"predecessor-version":[{"id":407,"href":"https:\/\/budkrusz.pl\/index.php\/wp-json\/wp\/v2\/pages\/38\/revisions\/407"}],"wp:attachment":[{"href":"https:\/\/budkrusz.pl\/index.php\/wp-json\/wp\/v2\/media?parent=38"}],"curies":[{"name":"wp","href":"https:\/\/api.w.org\/{rel}","templated":true}]}}